{"id":46,"date":"2025-01-27T17:26:24","date_gmt":"2025-01-27T16:26:24","guid":{"rendered":"https:\/\/rexomods.com\/?page_id=46"},"modified":"2026-01-25T16:29:13","modified_gmt":"2026-01-25T15:29:13","slug":"blog","status":"publish","type":"page","link":"https:\/\/www.rexomods.com\/en\/blog\/","title":{"rendered":"Blog"},"content":{"rendered":"\t\t<div data-elementor-type=\"wp-page\" data-elementor-id=\"46\" class=\"elementor elementor-46\" data-elementor-post-type=\"page\">\n\t\t\t\t<div class=\"elementor-element elementor-element-2416cc5d e-con-full e-flex e-con e-parent\" data-id=\"2416cc5d\" data-element_type=\"container\" data-e-type=\"container\">\n\t\t<div class=\"elementor-element elementor-element-e8a4830 e-con-full e-flex e-con e-child\" data-id=\"e8a4830\" data-element_type=\"container\" data-e-type=\"container\">\n\t\t\t\t<div class=\"elementor-element elementor-element-bacc651 elementor-widget elementor-widget-html\" data-id=\"bacc651\" data-element_type=\"widget\" data-e-type=\"widget\" data-widget_type=\"html.default\">\n\t\t\t\t<div class=\"elementor-widget-container\">\n\t\t\t\t\t<link href=\"https:\/\/cdn.jsdelivr.net\/npm\/bootstrap-icons@1.11.3\/font\/bootstrap-icons.min.css\" rel=\"stylesheet\"\/>\n\n<div id=\"rmBlogList\" lang=\"fr\" style=\"--accent:#FECC0B; --ok:#16a34a; --wa:#25D366; --warn:#f59e0b; --bad:#dc2626; --muted:#6B7280; --border:#E5E7EB; --ink:#111; --glass:rgba(255,255,255,.65); --veil:transparent; --shadow:0 8px 18px rgba(0,0,0,.06); --shadow-sm:0 5px 12px rgba(0,0,0,.05); --r:14px; --p:14px; color:var(--ink); margin:0!important;\">\n<style>\n#rmBlogList,#rmBlogList *{box-sizing:border-box}\n#rmBlogList{\n  width:100%;\n  max-width:min(1100px,92vw);\n  margin:0 auto!important;\n  padding:1rem 0 1.2rem 0;\n  display:flex;\n  flex-direction:column;\n  gap:.95rem;\n  background:transparent!important;\n  border:none!important;\n  outline:none!important;\n  -webkit-backdrop-filter:none!important;\n  backdrop-filter:none!important;\n  border-radius:0!important;\n  overflow:visible;\n}\n#rmBlogList{padding-left:clamp(12px,3.8vw,18px);padding-right:clamp(12px,3.8vw,18px)}\n#rmBlogList :where(section,div,article,header){max-width:100%}\n\n#rmBlogList :where(p,li,blockquote){line-height:1.7}\n#rmBlogList :where(h2,h3,h4,h5){line-height:1.18}\n#rmBlogList h4{margin:.05rem 0 .7rem 0}\n#rmBlogList p{margin:.35rem 0 .95rem 0}\n#rmBlogList ul,#rmBlogList ol{margin:.25rem 0 .95rem 1.35rem;padding:0}\n#rmBlogList li{margin:.38rem 0}\n#rmBlogList a{outline-offset:3px;text-decoration:none}\n#rmBlogList a:focus-visible{outline:2px solid rgba(254,204,11,.55);border-radius:12px}\n#rmBlogList a{color:#111;text-decoration:underline;text-decoration-color:rgba(17,17,17,.25);text-underline-offset:3px}\n#rmBlogList a:hover{text-decoration-color:rgba(254,204,11,.75)}\n#rmBlogList a:active{opacity:.85}\n#rmBlogList .m0{margin:0}\n#rmBlogList .small{font-size:.92rem}\n#rmBlogList .tiny{font-size:.88rem}\n#rmBlogList i.bi{font-size:1.05em;line-height:1;vertical-align:-0.125em;display:inline-block}\n\n#rmBlogList .card{\n  position:relative;\n  border-radius:18px;\n  padding:clamp(1.05rem,.95rem + .4vw,1.25rem);\n  background:radial-gradient(760px 220px at 18% -12%,rgba(254,204,11,.06),transparent 62%),rgba(255,255,255,.20);\n  backdrop-filter:blur(14px) saturate(150%);\n  -webkit-backdrop-filter:blur(14px) saturate(150%);\n  box-shadow:0 6px 14px rgba(0,0,0,.06);\n  overflow:hidden\n}\n#rmBlogList .card:hover{box-shadow:0 8px 18px rgba(0,0,0,.07);border-color:rgba(17,17,17,.12)}\n\n#rmBlogList .title-head{display:flex;align-items:center;gap:.6rem;margin:.05rem 0 .75rem 0}\n#rmBlogList .title-head strong{font-size:clamp(1.12rem,.95rem + .95vw,1.35rem);font-weight:950;letter-spacing:.01em;color:#111}\n#rmBlogList .title-head span{width:36px;height:36px;border-radius:12px;display:inline-flex;align-items:center;justify-content:center;background:rgba(255,255,255,.22);border:1px solid rgba(17,17,17,.08);box-shadow:none;color:#B45309}\n\n#rmBlogList .step-kicker{display:inline-flex;align-items:center;gap:.45rem;font-weight:950;font-size:.86rem;letter-spacing:.02em;color:rgba(17,17,17,.72);background:rgba(255,255,255,.55);border:1px solid rgba(17,17,17,.10);border-radius:999px;padding:.22rem .55rem;margin:0 0 .6rem 0}\n#rmBlogList .step-kicker i{font-size:.95em;color:#B45309}\n\n#rmBlogList .rm-disclaimer.strong{\n  display:flex;align-items:flex-start;gap:.55rem;\n  padding:.7rem .8rem;border-radius:16px;\n  border:1px solid rgba(17,17,17,.10);\n  background:rgba(255,255,255,.64);\n  backdrop-filter:blur(10px) saturate(140%);\n  -webkit-backdrop-filter:blur(10px) saturate(140%);\n  box-shadow:none;font-size:.90rem;line-height:1.5\n}\n#rmBlogList .rm-disclaimer.strong i{margin-top:.12rem;color:#B45309}\n#rmBlogList .rm-disclaimer.strong span{color:rgba(17,17,17,.78)}\n\n#rmBlogList .posts{display:grid;gap:.85rem;grid-template-columns:repeat(auto-fit,minmax(260px,1fr))}\n#rmBlogList .post{\n  position:relative;border:1px solid rgba(17,17,17,.10);\n  border-radius:18px;padding:1rem 1rem 1.05rem;\n  background:rgba(255,255,255,.62);\n  backdrop-filter:blur(10px) saturate(140%);\n  -webkit-backdrop-filter:blur(10px) saturate(140%);\n  box-shadow:0 10px 22px rgba(0,0,0,.06);\n  overflow:hidden;\n  transition:transform .12s ease, box-shadow .14s ease, border-color .14s ease;\n}\n#rmBlogList .post:hover{transform:translateY(-1px);box-shadow:0 14px 26px rgba(0,0,0,.08);border-color:rgba(17,17,17,.14)}\n#rmBlogList .post header{display:flex;align-items:flex-start;gap:.7rem;margin-bottom:.55rem}\n#rmBlogList .post .n{width:36px;height:36px;border-radius:12px;display:inline-flex;align-items:center;justify-content:center;background:rgba(255,255,255,.22);border:1px solid rgba(17,17,17,.10);font-weight:950;color:#B45309;flex:0 0 auto}\n#rmBlogList .post h3{margin:0;font-size:1.05rem;line-height:1.25;font-weight:950;letter-spacing:.01em}\n#rmBlogList .post h3 a{text-decoration:none}\n#rmBlogList .post h3 a:hover{text-decoration:underline;text-decoration-color:rgba(254,204,11,.75);text-underline-offset:3px}\n#rmBlogList .meta{margin-top:.18rem;display:flex;gap:.6rem;flex-wrap:wrap;align-items:center;color:rgba(17,17,17,.60);font-weight:900;font-size:.82rem}\n#rmBlogList .meta .pill{display:inline-flex;align-items:center;gap:.35rem;padding:.18rem .5rem;border-radius:999px;border:1px solid rgba(17,17,17,.10);background:rgba(255,255,255,.55)}\n#rmBlogList .excerpt{margin:.55rem 0 0;color:rgba(17,17,17,.80);line-height:1.65;font-weight:750}\n#rmBlogList .cta{margin-top:.75rem;display:inline-flex;align-items:center;gap:.5rem;font-weight:950;text-decoration:none}\n#rmBlogList .cta i{color:#B45309}\n\n#rmBlogList .pager{display:flex;gap:10px;flex-wrap:wrap}\n#rmBlogList .pg{\n  border-radius:14px;border:1px solid rgba(17,17,17,.10);\n  background:rgba(255,255,255,.62);\n  backdrop-filter:blur(10px) saturate(140%);\n  -webkit-backdrop-filter:blur(10px) saturate(140%);\n  padding:10px 12px;color:#111;font-weight:950;cursor:pointer;\n  box-shadow:0 10px 22px rgba(0,0,0,.06);\n  transition:transform .12s ease, box-shadow .14s ease, border-color .14s ease;\n}\n#rmBlogList .pg:hover{transform:translateY(-1px);box-shadow:0 14px 26px rgba(0,0,0,.08);border-color:rgba(17,17,17,.14)}\n#rmBlogList .pg:active{transform:translateY(0);opacity:.92}\n#rmBlogList .pg[disabled]{opacity:.55;cursor:not-allowed;transform:none}\n\n#rmBlogList .empty{\n  border:1px dashed rgba(17,17,17,.18);\n  border-radius:18px;\n  padding:1rem;\n  background:rgba(255,255,255,.62);\n  backdrop-filter:blur(10px) saturate(140%);\n  -webkit-backdrop-filter:blur(10px) saturate(140%);\n  box-shadow:0 10px 22px rgba(0,0,0,.06);\n  font-weight:900;color:rgba(17,17,17,.78)\n}\n\n#rmBlogList section[data-cv=\"1\"]{content-visibility:auto;contain-intrinsic-size:1px 1800px}\n#rmBlogList [data-anim]{opacity:0;transform:translate3d(0,18px,0);transition:opacity .68s cubic-bezier(.2,.8,.2,1),transform .68s cubic-bezier(.2,.8,.2,1);backface-visibility:hidden}\n#rmBlogList [data-anim].is-in{opacity:1;transform:translate3d(0,0,0)}\n@media (max-width:560px){\n  #rmBlogList{padding-left:14px;padding-right:14px}\n  #rmBlogList .card{padding:.98rem}\n}\n@media (prefers-reduced-motion:reduce){\n  #rmBlogList *{transition:none!important;animation:none!important}\n  #rmBlogList [data-anim]{opacity:1!important;transform:none!important}\n}\n@supports not ((-webkit-backdrop-filter: blur(1px)) or (backdrop-filter: blur(1px))){\n  #rmBlogList .card,#rmBlogList .post,#rmBlogList .pg,#rmBlogList .empty{background:rgba(255,255,255,.88)}\n}\n<\/style>\n\n<section class=\"card\" data-anim=\"up\" aria-label=\"Derniers articles\">\n  <div class=\"step-kicker\"><i class=\"bi bi-journal-text\" aria-hidden=\"true\"><\/i> Blog<\/div>\n  <div class=\"title-head\">\n    <span aria-hidden=\"true\"><i class=\"bi bi-newspaper\"><\/i><\/span>\n    <strong>Les derniers articles<\/strong>\n  <\/div>\n  <p class=\"tiny m0\" style=\"color:rgba(17,17,17,.62);margin-top:.15rem\">\n    Guides, compatibilit\u00e9s, retours d\u2019exp\u00e9rience \u2014 mis \u00e0 jour r\u00e9guli\u00e8rement.\n  <\/p>\n<\/section>\n\n<section class=\"card\" data-anim=\"up\" data-cv=\"1\" aria-label=\"Liste des articles\">\n  <div class=\"step-kicker\"><i class=\"bi bi-clock-history\" aria-hidden=\"true\"><\/i> Publications<\/div>\n  <div id=\"rmBlogGrid\" class=\"posts\" aria-live=\"polite\"><\/div>\n  <div class=\"pager\" id=\"rmBlogPager\" style=\"margin-top:.85rem\"><\/div>\n<\/section>\n\n<script>\n(() => {\n  const root=document.querySelector('#rmBlogList');if(!root)return;\n  const grid=root.querySelector('#rmBlogGrid');\n  const pager=root.querySelector('#rmBlogPager');\n  const params=new URLSearchParams(location.search);\n  const page=Math.max(1,parseInt(params.get('pg')||'1',10)||1);\n  const perPage=9;\n\n  const decodeHtml=(s)=>{const t=document.createElement('textarea');t.innerHTML=s||'';return t.value;};\n  const strip=(h)=>decodeHtml(h||'').replace(\/<[^>]*>\/g,'').replace(\/\\s+\/g,' ').trim();\n  const esc=(s)=>String(s||'').replace(\/[&<>\"']\/g,(c)=>({'&':'&amp;','<':'&lt;','>':'&gt;','\"':'&quot;',\"'\":'&#039;'}[c]));\n  const fmtDate=(i)=>{try{const d=new Date(i);return isNaN(d)?'':d.toLocaleDateString('fr-FR');}catch(e){return'';}};\n\n  const setPage=(p)=>{\n    const u=new URL(location.href);\n    p>1?u.searchParams.set('pg',p):u.searchParams.delete('pg');\n    location.href=u.toString();\n  };\n\n  const renderPager=(tp)=>{\n    pager.innerHTML='';\n    if(tp<=1)return;\n    ['\u2039','Page '+page+' \/ '+tp,'\u203a'].forEach((l,i)=>{\n      const b=document.createElement('button');\n      b.className='pg';b.type='button';b.textContent=l;\n      if(i===0){b.disabled=page<=1;b.onclick=()=>setPage(page-1);}\n      if(i===2){b.disabled=page>=tp;b.onclick=()=>setPage(page+1);}\n      if(i===1){b.disabled=true;}\n      pager.appendChild(b);\n    });\n  };\n\n  const card=(post,idx)=>{\n    const url=(post&&post.link)||'#';\n    const t=strip(post&&post.title&&post.title.rendered)||'Sans titre';\n    let ex=strip(post&&post.excerpt&&post.excerpt.rendered)||'';\n    if(ex.length>220)ex=ex.slice(0,220).replace(\/\\s+\\S*$\/,'')+'\u2026';\n    const date=post&&post.date?fmtDate(post.date):'';\n    return `\n<article class=\"post\">\n  <header>\n    <span class=\"n\" aria-hidden=\"true\"><i class=\"bi bi-file-earmark-text\"><\/i><\/span>\n    <div style=\"min-width:0\">\n      <h3><a href=\"${esc(url)}\">${esc(t)}<\/a><\/h3>\n      <div class=\"meta\">\n        <span class=\"pill\"><i class=\"bi bi-journal-text\" aria-hidden=\"true\"><\/i> Article<\/span>\n        ${date?`<span class=\"pill\"><i class=\"bi bi-calendar3\" aria-hidden=\"true\"><\/i> ${esc(date)}<\/span>`:''}\n      <\/div>\n    <\/div>\n  <\/header>\n  ${ex?`<p class=\"excerpt\">${esc(ex)}<\/p>`:''}\n  <a class=\"cta\" href=\"${esc(url)}\"><i class=\"bi bi-arrow-right\" aria-hidden=\"true\"><\/i> Lire l\u2019article<\/a>\n<\/article>`;\n  };\n\n  const load=()=>{\n    fetch(`\/wp-json\/wp\/v2\/posts?per_page=${perPage}&page=${page}&orderby=date&order=desc&_fields=link,date,title,excerpt`,{credentials:'same-origin'})\n      .then((r)=>{\n        const tp=parseInt(r.headers.get('X-WP-TotalPages')||'1',10);\n        return r.json().then((j)=>({j:j||[],tp}));\n      })\n      .then((d)=>{\n        if(!d.j.length){grid.innerHTML='<div class=\"empty\">Aucun article \u00e0 afficher.<\/div>';pager.innerHTML='';return;}\n        grid.innerHTML=d.j.map(card).join('');\n        renderPager(d.tp);\n      })\n      .catch(()=>{grid.innerHTML='<div class=\"empty\">Impossible d\u2019afficher les articles.<\/div>';pager.innerHTML='';});\n  };\n\n  const reduce=window.matchMedia&&window.matchMedia('(prefers-reduced-motion: reduce)').matches;\n  if(!reduce){\n    const io=new IntersectionObserver((entries)=>{\n      const toShow=[];\n      for(const e of entries) if(e.isIntersecting) toShow.push(e.target);\n      if(!toShow.length)return;\n      requestAnimationFrame(()=>{for(const el of toShow){el.style.willChange='opacity, transform';el.classList.add('is-in');io.unobserve(el);setTimeout(()=>{el.style.willChange='auto'},850)}})\n    },{threshold:.01,rootMargin:'160px 0px -18% 0px'});\n    root.querySelectorAll('[data-anim]').forEach(el=>io.observe(el));\n  }else{\n    root.querySelectorAll('[data-anim]').forEach(el=>el.classList.add('is-in'));\n  }\n\n  load();\n})();\n<\/script>\n\n<\/div>\t\t\t\t<\/div>\n\t\t\t\t<\/div>\n\t\t\t\t<\/div>\n\t\t\t\t<\/div>\n\t\t<div class=\"elementor-element elementor-element-36397d5 e-flex e-con-boxed e-con e-parent\" data-id=\"36397d5\" data-element_type=\"container\" data-e-type=\"container\">\n\t\t\t\t\t<div class=\"e-con-inner\">\n\t\t\t\t\t<\/div>\n\t\t\t\t<\/div>\n\t\t\t\t<\/div>\n\t\t","protected":false},"excerpt":{"rendered":"<p>Blog Les derniers articles Guides, compatibilit\u00e9s, retours d\u2019exp\u00e9rience \u2014 mis \u00e0 jour r\u00e9guli\u00e8rement. Publications<\/p>","protected":false},"author":1,"featured_media":0,"parent":0,"menu_order":0,"comment_status":"closed","ping_status":"closed","template":"","meta":{"footnotes":""},"class_list":["post-46","page","type-page","status-publish","hentry"],"yoast_head":"<!-- This site is optimized with the Yoast SEO plugin v27.5 - https:\/\/yoast.com\/product\/yoast-seo-wordpress\/ -->\n<title>Blog<\/title>\n<meta name=\"description\" content=\"Explorez nos articles d\u00e9di\u00e9s aux astuces, activations cach\u00e9es et modifications possibles sur les v\u00e9hicules Renault. Suivez l\u2019actualit\u00e9 Easylink, cockpit digital, retrofit et plus.\" \/>\n<meta name=\"robots\" content=\"index, follow, max-snippet:-1, max-image-preview:large, max-video-preview:-1\" \/>\n<link rel=\"canonical\" href=\"https:\/\/www.rexomods.com\/en\/blog\/\" \/>\n<meta property=\"og:locale\" content=\"en_US\" \/>\n<meta property=\"og:type\" content=\"article\" \/>\n<meta property=\"og:title\" content=\"Blog\" \/>\n<meta property=\"og:description\" content=\"Explorez nos articles d\u00e9di\u00e9s aux astuces, activations cach\u00e9es et modifications possibles sur les v\u00e9hicules Renault. Suivez l\u2019actualit\u00e9 Easylink, cockpit digital, retrofit et plus.\" \/>\n<meta property=\"og:url\" content=\"https:\/\/www.rexomods.com\/en\/blog\/\" \/>\n<meta property=\"og:site_name\" content=\"RexoMods\" \/>\n<meta property=\"article:modified_time\" content=\"2026-01-25T15:29:13+00:00\" \/>\n<meta property=\"og:image\" content=\"https:\/\/www.rexomods.com\/wp-content\/uploads\/2025\/02\/logo-renomods-transparent-e1746014537997.webp\" \/>\n\t<meta property=\"og:image:width\" content=\"1024\" \/>\n\t<meta property=\"og:image:height\" content=\"370\" \/>\n\t<meta property=\"og:image:type\" content=\"image\/webp\" \/>\n<meta name=\"twitter:card\" content=\"summary_large_image\" \/>\n<meta name=\"twitter:label1\" content=\"Est. reading time\" \/>\n\t<meta name=\"twitter:data1\" content=\"3 minutes\" \/>\n<script type=\"application\/ld+json\" class=\"yoast-schema-graph\">{\"@context\":\"https:\\\/\\\/schema.org\",\"@graph\":[{\"@type\":\"WebPage\",\"@id\":\"https:\\\/\\\/www.rexomods.com\\\/blog\\\/\",\"url\":\"https:\\\/\\\/www.rexomods.com\\\/blog\\\/\",\"name\":\"Blog\",\"isPartOf\":{\"@id\":\"https:\\\/\\\/www.rexomods.com\\\/#website\"},\"datePublished\":\"2025-01-27T16:26:24+00:00\",\"dateModified\":\"2026-01-25T15:29:13+00:00\",\"description\":\"Explorez nos articles d\u00e9di\u00e9s aux astuces, activations cach\u00e9es et modifications possibles sur les v\u00e9hicules Renault. Suivez l\u2019actualit\u00e9 Easylink, cockpit digital, retrofit et plus.\",\"breadcrumb\":{\"@id\":\"https:\\\/\\\/www.rexomods.com\\\/blog\\\/#breadcrumb\"},\"inLanguage\":\"en-US\",\"potentialAction\":[{\"@type\":\"ReadAction\",\"target\":[\"https:\\\/\\\/www.rexomods.com\\\/blog\\\/\"]}]},{\"@type\":\"BreadcrumbList\",\"@id\":\"https:\\\/\\\/www.rexomods.com\\\/blog\\\/#breadcrumb\",\"itemListElement\":[{\"@type\":\"ListItem\",\"position\":1,\"name\":\"Accueil\",\"item\":\"https:\\\/\\\/www.rexomods.com\\\/\"},{\"@type\":\"ListItem\",\"position\":2,\"name\":\"Blog\"}]},{\"@type\":\"WebSite\",\"@id\":\"https:\\\/\\\/www.rexomods.com\\\/#website\",\"url\":\"https:\\\/\\\/www.rexomods.com\\\/\",\"name\":\"RenoMods\",\"description\":\"\",\"publisher\":{\"@id\":\"https:\\\/\\\/www.rexomods.com\\\/#organization\"},\"potentialAction\":[{\"@type\":\"SearchAction\",\"target\":{\"@type\":\"EntryPoint\",\"urlTemplate\":\"https:\\\/\\\/www.rexomods.com\\\/?s={search_term_string}\"},\"query-input\":{\"@type\":\"PropertyValueSpecification\",\"valueRequired\":true,\"valueName\":\"search_term_string\"}}],\"inLanguage\":\"en-US\"},{\"@type\":\"Organization\",\"@id\":\"https:\\\/\\\/www.rexomods.com\\\/#organization\",\"name\":\"RenoMods\",\"url\":\"https:\\\/\\\/www.rexomods.com\\\/\",\"logo\":{\"@type\":\"ImageObject\",\"inLanguage\":\"en-US\",\"@id\":\"https:\\\/\\\/www.rexomods.com\\\/#\\\/schema\\\/logo\\\/image\\\/\",\"url\":\"https:\\\/\\\/www.rexomods.com\\\/wp-content\\\/uploads\\\/2026\\\/05\\\/rexomods_logo_fond_transparent-e1777973916793.png\",\"contentUrl\":\"https:\\\/\\\/www.rexomods.com\\\/wp-content\\\/uploads\\\/2026\\\/05\\\/rexomods_logo_fond_transparent-e1777973916793.png\",\"width\":980,\"height\":447,\"caption\":\"RenoMods\"},\"image\":{\"@id\":\"https:\\\/\\\/www.rexomods.com\\\/#\\\/schema\\\/logo\\\/image\\\/\"}}]}<\/script>\n<!-- \/ Yoast SEO plugin. -->","yoast_head_json":{"title":"Blog","description":"Explorez nos articles d\u00e9di\u00e9s aux astuces, activations cach\u00e9es et modifications possibles sur les v\u00e9hicules Renault. Suivez l\u2019actualit\u00e9 Easylink, cockpit digital, retrofit et plus.","robots":{"index":"index","follow":"follow","max-snippet":"max-snippet:-1","max-image-preview":"max-image-preview:large","max-video-preview":"max-video-preview:-1"},"canonical":"https:\/\/www.rexomods.com\/en\/blog\/","og_locale":"en_US","og_type":"article","og_title":"Blog","og_description":"Explorez nos articles d\u00e9di\u00e9s aux astuces, activations cach\u00e9es et modifications possibles sur les v\u00e9hicules Renault. Suivez l\u2019actualit\u00e9 Easylink, cockpit digital, retrofit et plus.","og_url":"https:\/\/www.rexomods.com\/en\/blog\/","og_site_name":"RexoMods","article_modified_time":"2026-01-25T15:29:13+00:00","og_image":[{"width":1024,"height":370,"url":"https:\/\/www.rexomods.com\/wp-content\/uploads\/2025\/02\/logo-renomods-transparent-e1746014537997.webp","type":"image\/webp"}],"twitter_card":"summary_large_image","twitter_misc":{"Est. reading time":"3 minutes"},"schema":{"@context":"https:\/\/schema.org","@graph":[{"@type":"WebPage","@id":"https:\/\/www.rexomods.com\/blog\/","url":"https:\/\/www.rexomods.com\/blog\/","name":"Blog","isPartOf":{"@id":"https:\/\/www.rexomods.com\/#website"},"datePublished":"2025-01-27T16:26:24+00:00","dateModified":"2026-01-25T15:29:13+00:00","description":"Explorez nos articles d\u00e9di\u00e9s aux astuces, activations cach\u00e9es et modifications possibles sur les v\u00e9hicules Renault. Suivez l\u2019actualit\u00e9 Easylink, cockpit digital, retrofit et plus.","breadcrumb":{"@id":"https:\/\/www.rexomods.com\/blog\/#breadcrumb"},"inLanguage":"en-US","potentialAction":[{"@type":"ReadAction","target":["https:\/\/www.rexomods.com\/blog\/"]}]},{"@type":"BreadcrumbList","@id":"https:\/\/www.rexomods.com\/blog\/#breadcrumb","itemListElement":[{"@type":"ListItem","position":1,"name":"Accueil","item":"https:\/\/www.rexomods.com\/"},{"@type":"ListItem","position":2,"name":"Blog"}]},{"@type":"WebSite","@id":"https:\/\/www.rexomods.com\/#website","url":"https:\/\/www.rexomods.com\/","name":"RenoMods","description":"","publisher":{"@id":"https:\/\/www.rexomods.com\/#organization"},"potentialAction":[{"@type":"SearchAction","target":{"@type":"EntryPoint","urlTemplate":"https:\/\/www.rexomods.com\/?s={search_term_string}"},"query-input":{"@type":"PropertyValueSpecification","valueRequired":true,"valueName":"search_term_string"}}],"inLanguage":"en-US"},{"@type":"Organization","@id":"https:\/\/www.rexomods.com\/#organization","name":"RenoMods","url":"https:\/\/www.rexomods.com\/","logo":{"@type":"ImageObject","inLanguage":"en-US","@id":"https:\/\/www.rexomods.com\/#\/schema\/logo\/image\/","url":"https:\/\/www.rexomods.com\/wp-content\/uploads\/2026\/05\/rexomods_logo_fond_transparent-e1777973916793.png","contentUrl":"https:\/\/www.rexomods.com\/wp-content\/uploads\/2026\/05\/rexomods_logo_fond_transparent-e1777973916793.png","width":980,"height":447,"caption":"RenoMods"},"image":{"@id":"https:\/\/www.rexomods.com\/#\/schema\/logo\/image\/"}}]}},"_links":{"self":[{"href":"https:\/\/www.rexomods.com\/en\/wp-json\/wp\/v2\/pages\/46","targetHints":{"allow":["GET"]}}],"collection":[{"href":"https:\/\/www.rexomods.com\/en\/wp-json\/wp\/v2\/pages"}],"about":[{"href":"https:\/\/www.rexomods.com\/en\/wp-json\/wp\/v2\/types\/page"}],"author":[{"embeddable":true,"href":"https:\/\/www.rexomods.com\/en\/wp-json\/wp\/v2\/users\/1"}],"replies":[{"embeddable":true,"href":"https:\/\/www.rexomods.com\/en\/wp-json\/wp\/v2\/comments?post=46"}],"version-history":[{"count":0,"href":"https:\/\/www.rexomods.com\/en\/wp-json\/wp\/v2\/pages\/46\/revisions"}],"wp:attachment":[{"href":"https:\/\/www.rexomods.com\/en\/wp-json\/wp\/v2\/media?parent=46"}],"curies":[{"name":"wp","href":"https:\/\/api.w.org\/{rel}","templated":true}]}}